{"id":933,"date":"2026-01-21T16:37:09","date_gmt":"2026-01-21T16:37:09","guid":{"rendered":"https:\/\/mreber-coaching.ch\/tarifs-et-faqs\/"},"modified":"2026-03-16T09:18:17","modified_gmt":"2026-03-16T09:18:17","slug":"tarifs-et-faqs","status":"publish","type":"page","link":"https:\/\/mreber-coaching.ch\/de\/tarifs-et-faqs\/","title":{"rendered":"Tarifs et FAQs"},"content":{"rendered":"<div class=\"et_pb_section_0 et_pb_section et_section_regular et_block_section preset--module--divi-section--default\">\n<div class=\"et_pb_row_0 et_pb_row et_pb_gutters2 et_block_row preset--module--divi-row--default\">\n<div class=\"et_pb_column_0 et_pb_column et_pb_column_4_4 et-last-child et_block_column et_pb_css_mix_blend_mode_passthrough\">\n<div class=\"et_pb_text_0 et_pb_text et_pb_bg_layout_light et_pb_module et_block_module preset--module--divi-text--default\"><div class=\"et_pb_text_inner\"><h1>Tarife & <span style=\"color: #4dcbbd;\">FAQs<\/span><\/h1>\n<\/div><\/div>\n\n<div class=\"et_pb_text_1 et_pb_text et_pb_bg_layout_light et_pb_module et_block_module et_pb_text_align_center preset--module--divi-text--default\"><div class=\"et_pb_text_inner\"><p>Entdecken Sie meine Begleitangebote und finden Sie Antworten auf Ihre Fragen.<\/p>\n<\/div><\/div>\n<\/div>\n<\/div>\n<\/div>\n\n<div class=\"et_pb_section_1 et_pb_section et_section_regular et_block_section preset--module--divi-section--default\">\n<div class=\"et_pb_row_1 et_pb_row et_block_row preset--module--divi-row--default\">\n<div class=\"et_pb_column_1 et_pb_column et_pb_column_4_4 et-last-child et_block_column et_pb_css_mix_blend_mode_passthrough\">\n<div class=\"et_pb_text_2 et_pb_text et_pb_bg_layout_light et_pb_module et_block_module et_pb_text_align_center preset--module--divi-text--default\"><div class=\"et_pb_text_inner\"><h3>Investition<\/h3>\n<\/div><\/div>\n\n<div class=\"et_pb_text_3 et_pb_text et_pb_bg_layout_light et_pb_module et_block_module preset--module--divi-text--default\"><div class=\"et_pb_text_inner\"><h2>Meine Angebote<\/h2>\n<\/div><\/div>\n<\/div>\n<\/div>\n\n<div class=\"et_pb_row_2 et_pb_row et_flex_row preset--module--divi-row--default\">\n<div class=\"et_pb_column_2 et_pb_column et_flex_column et_pb_css_mix_blend_mode_passthrough et_flex_column_12_24 et_flex_column_12_24_tablet et_flex_column_24_24_phone bottom-align\">\n<div class=\"et_pb_blurb_0 et_pb_blurb et_pb_bg_layout_light et_pb_blurb_position_top et_pb_module et_block_module preset--module--divi-blurb--default\"><div class=\"et_pb_blurb_content\"><div class=\"et_pb_blurb_container\"><h4 class=\"et_pb_module_header\">Leadership<\/h4><div class=\"et_pb_blurb_description\"><p>Individuelles Programm mit<strong> 5 bis 10 Sitzungen<\/strong><\/p>\n<\/div><\/div><\/div><\/div>\n\n<ul class=\"et_pb_icon_list_0 et_pb_icon_list et_pb_module et_flex_module preset--module--divi-icon-list--default\">\n<li class=\"et_pb_icon_list_item_0 et_pb_icon_list_item et_pb_module et_flex_module preset--module--divi-icon-list-item--default\"><span class=\"et-pb-icon\">\ue052<\/span><div class=\"et_pb_icon_list_text\">5\u201310 Sitzungen je nach Bedarf<\/div><\/li>\n\n<li class=\"et_pb_icon_list_item_1 et_pb_icon_list_item et_pb_module et_flex_module preset--module--divi-icon-list-item--default\"><span class=\"et-pb-icon\">\ue052<\/span><div class=\"et_pb_icon_list_text\">Verschiedene Leadership-Modelle werden erkl\u00e4rt und praktisch angewendet<\/div><\/li>\n\n<li class=\"et_pb_icon_list_item_2 et_pb_icon_list_item et_pb_module et_flex_module preset--module--divi-icon-list-item--default\"><span class=\"et-pb-icon\">\ue052<\/span><div class=\"et_pb_icon_list_text\">Psychometrischer Test zur F\u00f6rderung von Selbstwahrnehmung, Kommunikation und Teamwirksamkeit<\/div><\/li>\n\n<li class=\"et_pb_icon_list_item_3 et_pb_icon_list_item et_pb_module et_flex_module preset--module--divi-icon-list-item--default\"><span class=\"et-pb-icon\">\ue052<\/span><div class=\"et_pb_icon_list_text\">Leadership Scan \u2013 strukturierte Methode zur pr\u00e4zisen Identifizierung Ihrer Bed\u00fcrfnisse, um Stabilit\u00e4t, Resilienz, Klarheit und Vision zu st\u00e4rken und gleichzeitig Kultur und erwartete Ergebnisse mit Ihrem Team in Einklang zu bringen<\/div><\/li>\n\n<li class=\"et_pb_icon_list_item_4 et_pb_icon_list_item et_pb_module et_flex_module preset--module--divi-icon-list-item--default\"><span class=\"et-pb-icon\">\ue052<\/span><div class=\"et_pb_icon_list_text\">Unterst\u00fctzung zwischen den Sitzungen<\/div><\/li>\n\n<li class=\"et_pb_icon_list_item_5 et_pb_icon_list_item et_pb_module et_flex_module preset--module--divi-icon-list-item--default\"><span class=\"et-pb-icon\">\ue052<\/span><div class=\"et_pb_icon_list_text\">\ue052 Individueller Aktionsplan<\/div><\/li>\n<\/ul>\n\n<div class=\"et_pb_module et_pb_button_module_wrapper et_pb_button_0_wrapper preset--module--divi-button--default_wrapper\"><a class=\"et_pb_button_0 et_pb_button et_pb_bg_layout_light et_pb_module et_block_module preset--module--divi-button--default\" href=\"https:\/\/mreber-coaching.ch\/de\/kontakt\/\">Angebot anfordern<\/a><\/div>\n<\/div>\n\n<div class=\"et_pb_column_3 et_pb_column et_flex_column et_pb_css_mix_blend_mode_passthrough et_flex_column_12_24 et_flex_column_12_24_tablet et_flex_column_24_24_phone bottom-align\">\n<div class=\"et_pb_blurb_1 et_pb_blurb et_pb_bg_layout_light et_pb_blurb_position_top et_pb_module et_block_module preset--module--divi-blurb--default\"><div class=\"et_pb_blurb_content\"><div class=\"et_pb_blurb_container\"><h4 class=\"et_pb_module_header\">Berufliche Neuorientierung<\/h4><div class=\"et_pb_blurb_description\"><p>Individuelles Programm mit<strong> 5 bis 10 Sitzungen<\/strong><\/p>\n<\/div><\/div><\/div><\/div>\n\n<ul class=\"et_pb_icon_list_1 et_pb_icon_list et_pb_module et_flex_module preset--module--divi-icon-list--default\">\n<li class=\"et_pb_icon_list_item_6 et_pb_icon_list_item et_pb_module et_flex_module preset--module--divi-icon-list-item--default\"><span class=\"et-pb-icon\">\ue052<\/span><div class=\"et_pb_icon_list_text\">5\u201310 Sitzungen je nach Bedarf<\/div><\/li>\n\n<li class=\"et_pb_icon_list_item_7 et_pb_icon_list_item et_pb_module et_flex_module preset--module--divi-icon-list-item--default\"><span class=\"et-pb-icon\">\ue052<\/span><div class=\"et_pb_icon_list_text\">Psychometrischer Test zur Entwicklung von Selbstwahrnehmung, Kommunikation und zur Kl\u00e4rung Ihrer Bed\u00fcrfnisse<\/div><\/li>\n\n<li class=\"et_pb_icon_list_item_8 et_pb_icon_list_item et_pb_module et_flex_module preset--module--divi-icon-list-item--default\"><span class=\"et-pb-icon\">\ue052<\/span><div class=\"et_pb_icon_list_text\">Verschiedene strukturierte Reflexionswerkzeuge und bew\u00e4hrte Methoden, um Ihre St\u00e4rken, Motivationen und berufliche Ausrichtung zu kl\u00e4ren<\/div><\/li>\n\n<li class=\"et_pb_icon_list_item_9 et_pb_icon_list_item et_pb_module et_flex_module preset--module--divi-icon-list-item--default\"><span class=\"et-pb-icon\">\ue052<\/span><div class=\"et_pb_icon_list_text\">Unterst\u00fctzung zwischen den Sitzungen<\/div><\/li>\n\n<li class=\"et_pb_icon_list_item_10 et_pb_icon_list_item et_pb_module et_flex_module preset--module--divi-icon-list-item--default\"><span class=\"et-pb-icon\">\ue052<\/span><div class=\"et_pb_icon_list_text\">Individueller Aktionsplan<\/div><\/li>\n<\/ul>\n\n<div class=\"et_pb_module et_pb_button_module_wrapper et_pb_button_1_wrapper preset--module--divi-button--default_wrapper\"><a class=\"et_pb_button_1 et_pb_button et_pb_bg_layout_light et_pb_module et_flex_module preset--module--divi-button--default\" href=\"https:\/\/mreber-coaching.ch\/de\/kontakt\/\">Angebot anfordern<\/a><\/div>\n<\/div>\n\n<div class=\"et_pb_column_4 et_pb_column et-last-child et_flex_column et_pb_css_mix_blend_mode_passthrough et_flex_column_12_24 et_flex_column_12_24_tablet et_flex_column_24_24_phone bottom-align\">\n<div class=\"et_pb_blurb_2 et_pb_blurb et_pb_bg_layout_light et_pb_blurb_position_top et_pb_module et_block_module preset--module--divi-blurb--default\"><div class=\"et_pb_blurb_content\"><div class=\"et_pb_blurb_container\"><h4 class=\"et_pb_module_header\">Burn-out<\/h4><div class=\"et_pb_blurb_description\"><p>Individuelles Programm mit <strong>5 bis 10 Sitzungen<\/strong><\/p>\n<\/div><\/div><\/div><\/div>\n\n<ul class=\"et_pb_icon_list_2 et_pb_icon_list et_pb_module et_flex_module preset--module--divi-icon-list--default\">\n<li class=\"et_pb_icon_list_item_11 et_pb_icon_list_item et_pb_module et_flex_module preset--module--divi-icon-list-item--default\"><span class=\"et-pb-icon\">\ue052<\/span><div class=\"et_pb_icon_list_text\">5\u201310 Sitzungen je nach Bedarf<\/div><\/li>\n\n<li class=\"et_pb_icon_list_item_12 et_pb_icon_list_item et_pb_module et_flex_module preset--module--divi-icon-list-item--default\"><span class=\"et-pb-icon\">\ue052<\/span><div class=\"et_pb_icon_list_text\">Psychometrischer Test zur Entwicklung von Selbstwahrnehmung, Kommunikation und zur Kl\u00e4rung Ihrer Bed\u00fcrfnisse<\/div><\/li>\n\n<li class=\"et_pb_icon_list_item_13 et_pb_icon_list_item et_pb_module et_flex_module preset--module--divi-icon-list-item--default\"><span class=\"et-pb-icon\">\ue052<\/span><div class=\"et_pb_icon_list_text\">Burn-out-Analyse-Tool (Bericht erstellt von einer Psychologin \/ einem Psychologen mit individuellen und konkreten Empfehlungen)<\/div><\/li>\n\n<li class=\"et_pb_icon_list_item_14 et_pb_icon_list_item et_pb_module et_flex_module preset--module--divi-icon-list-item--default\"><span class=\"et-pb-icon\">\ue052<\/span><div class=\"et_pb_icon_list_text\">Unterst\u00fctzung zwischen den Sitzungen<\/div><\/li>\n\n<li class=\"et_pb_icon_list_item_15 et_pb_icon_list_item et_pb_module et_flex_module preset--module--divi-icon-list-item--default\"><span class=\"et-pb-icon\">\ue052<\/span><div class=\"et_pb_icon_list_text\">Individueller Aktionsplan<\/div><\/li>\n<\/ul>\n\n<div class=\"et_pb_module et_pb_button_module_wrapper et_pb_button_2_wrapper preset--module--divi-button--default_wrapper\"><a class=\"et_pb_button_2 et_pb_button et_pb_bg_layout_light et_pb_module et_flex_module preset--module--divi-button--default\" href=\"https:\/\/mreber-coaching.ch\/de\/kontakt\/\">Angebot anfordern<\/a><\/div>\n<\/div>\n<\/div>\n\n<div class=\"et_pb_row_3 et_pb_row et_flex_row preset--module--divi-row--default\">\n<div class=\"et_pb_column_5 et_pb_column et-last-child et_flex_column et_pb_css_mix_blend_mode_passthrough et_flex_column_24_24 et_flex_column_24_24_tablet et_flex_column_24_24_phone\">\n<div class=\"et_pb_text_4 et_pb_text et_pb_bg_layout_light et_pb_module et_flex_module preset--module--divi-text--default\"><div class=\"et_pb_text_inner\"><h2>Tarife<\/h2>\n<\/div><\/div>\n<\/div>\n<\/div>\n\n<div class=\"et_pb_row_4 et_pb_row et_flex_row preset--module--divi-row--default\">\n<div class=\"et_pb_column_6 et_pb_column et_flex_column et_pb_css_mix_blend_mode_passthrough et_flex_column_8_24 et_flex_column_8_24_tablet et_flex_column_24_24_phone\">\n<div class=\"et_pb_text_5 et_pb_text et_pb_bg_layout_light et_pb_module et_flex_module preset--module--divi-text--default\"><div class=\"et_pb_text_inner\"><h3>Art der Investition<\/h3>\n<\/div><\/div>\n<\/div>\n\n<div class=\"et_pb_column_7 et_pb_column et_flex_column et_pb_css_mix_blend_mode_passthrough et_flex_column_8_24 et_flex_column_8_24_tablet et_flex_column_24_24_phone\">\n<div class=\"et_pb_text_6 et_pb_text et_pb_bg_layout_light et_pb_module et_flex_module preset--module--divi-text--default\"><div class=\"et_pb_text_inner\"><h3>Anzahl der Sitzungen<\/h3>\n<\/div><\/div>\n<\/div>\n\n<div class=\"et_pb_column_8 et_pb_column et-last-child et_flex_column et_pb_css_mix_blend_mode_passthrough et_flex_column_8_24 et_flex_column_8_24_tablet et_flex_column_24_24_phone\">\n<div class=\"et_pb_text_7 et_pb_text et_pb_bg_layout_light et_pb_module et_flex_module preset--module--divi-text--default\"><div class=\"et_pb_text_inner\"><h3>Preis<\/h3>\n<\/div><\/div>\n<\/div>\n<\/div>\n\n<div class=\"et_pb_row_5 et_pb_row et_flex_row preset--module--divi-row--default\">\n<div class=\"et_pb_column_9 et_pb_column et_flex_column et_pb_css_mix_blend_mode_passthrough et_flex_column_8_24 et_flex_column_8_24_tablet et_flex_column_24_24_phone\">\n<div class=\"et_pb_text_8 et_pb_text et_pb_bg_layout_light et_pb_module et_flex_module preset--module--divi-text--default\"><div class=\"et_pb_text_inner\"><p>Investition Privatpersonen<\/p>\n<\/div><\/div>\n<\/div>\n\n<div class=\"et_pb_column_10 et_pb_column et_flex_column et_pb_css_mix_blend_mode_passthrough et_flex_column_8_24 et_flex_column_8_24_tablet et_flex_column_24_24_phone\">\n<div class=\"et_pb_text_9 et_pb_text et_pb_bg_layout_light et_pb_module et_flex_module preset--module--divi-text--default\"><div class=\"et_pb_text_inner\"><p>5 Sitzungen<\/p>\n<\/div><\/div>\n<\/div>\n\n<div class=\"et_pb_column_11 et_pb_column et-last-child et_flex_column et_pb_css_mix_blend_mode_passthrough et_flex_column_8_24 et_flex_column_8_24_tablet et_flex_column_24_24_phone\">\n<div class=\"et_pb_text_10 et_pb_text et_pb_bg_layout_light et_pb_module et_flex_module preset--module--divi-text--default\"><div class=\"et_pb_text_inner\"><p>CHF 1\u2019500.\u2013<\/p>\n<\/div><\/div>\n<\/div>\n<\/div>\n\n<div class=\"et_pb_row_6 et_pb_row et_flex_row preset--module--divi-row--default\">\n<div class=\"et_pb_column_12 et_pb_column et_flex_column et_pb_css_mix_blend_mode_passthrough et_flex_column_8_24 et_flex_column_8_24_tablet et_flex_column_24_24_phone\">\n<div class=\"et_pb_text_11 et_pb_text et_pb_bg_layout_light et_pb_module et_flex_module preset--module--divi-text--default\"><div class=\"et_pb_text_inner\"><p>Investition Unternehmen<\/p>\n<\/div><\/div>\n<\/div>\n\n<div class=\"et_pb_column_13 et_pb_column et_flex_column et_pb_css_mix_blend_mode_passthrough et_flex_column_8_24 et_flex_column_8_24_tablet et_flex_column_24_24_phone\">\n<div class=\"et_pb_text_12 et_pb_text et_pb_bg_layout_light et_pb_module et_flex_module preset--module--divi-text--default\"><div class=\"et_pb_text_inner\"><p>5 Sitzungen<\/p>\n<\/div><\/div>\n<\/div>\n\n<div class=\"et_pb_column_14 et_pb_column et-last-child et_flex_column et_pb_css_mix_blend_mode_passthrough et_flex_column_8_24 et_flex_column_8_24_tablet et_flex_column_24_24_phone\">\n<div class=\"et_pb_text_13 et_pb_text et_pb_bg_layout_light et_pb_module et_flex_module preset--module--divi-text--default\"><div class=\"et_pb_text_inner\"><p>CHF 2\u2019000.\u2013<\/p>\n<\/div><\/div>\n<\/div>\n<\/div>\n\n<div class=\"et_pb_row_7 et_pb_row et_flex_row preset--module--divi-row--default\">\n<div class=\"et_pb_column_15 et_pb_column et_flex_column et_pb_css_mix_blend_mode_passthrough et_flex_column_8_24 et_flex_column_8_24_tablet et_flex_column_24_24_phone\">\n<div class=\"et_pb_text_14 et_pb_text et_pb_bg_layout_light et_pb_module et_flex_module preset--module--divi-text--default\"><div class=\"et_pb_text_inner\"><p>Investition Privatpersonen<\/p>\n<\/div><\/div>\n<\/div>\n\n<div class=\"et_pb_column_16 et_pb_column et_flex_column et_pb_css_mix_blend_mode_passthrough et_flex_column_8_24 et_flex_column_8_24_tablet et_flex_column_24_24_phone\">\n<div class=\"et_pb_text_15 et_pb_text et_pb_bg_layout_light et_pb_module et_flex_module preset--module--divi-text--default\"><div class=\"et_pb_text_inner\"><p>10 Sitzungen<\/p>\n<\/div><\/div>\n<\/div>\n\n<div class=\"et_pb_column_17 et_pb_column et-last-child et_flex_column et_pb_css_mix_blend_mode_passthrough et_flex_column_8_24 et_flex_column_8_24_tablet et_flex_column_24_24_phone\">\n<div class=\"et_pb_text_16 et_pb_text et_pb_bg_layout_light et_pb_module et_flex_module preset--module--divi-text--default\"><div class=\"et_pb_text_inner\"><p>CHF 3\u2019000.\u2013<\/p>\n<\/div><\/div>\n<\/div>\n<\/div>\n\n<div class=\"et_pb_row_8 et_pb_row et_flex_row preset--module--divi-row--default\">\n<div class=\"et_pb_column_18 et_pb_column et_flex_column et_pb_css_mix_blend_mode_passthrough et_flex_column_8_24 et_flex_column_8_24_tablet et_flex_column_24_24_phone\">\n<div class=\"et_pb_text_17 et_pb_text et_pb_bg_layout_light et_pb_module et_flex_module preset--module--divi-text--default\"><div class=\"et_pb_text_inner\"><p>Investition Unternehmen<\/p>\n<\/div><\/div>\n<\/div>\n\n<div class=\"et_pb_column_19 et_pb_column et_flex_column et_pb_css_mix_blend_mode_passthrough et_flex_column_8_24 et_flex_column_8_24_tablet et_flex_column_24_24_phone\">\n<div class=\"et_pb_text_18 et_pb_text et_pb_bg_layout_light et_pb_module et_flex_module preset--module--divi-text--default\"><div class=\"et_pb_text_inner\"><p>10 Sitzungen<\/p>\n<\/div><\/div>\n<\/div>\n\n<div class=\"et_pb_column_20 et_pb_column et-last-child et_flex_column et_pb_css_mix_blend_mode_passthrough et_flex_column_8_24 et_flex_column_8_24_tablet et_flex_column_24_24_phone\">\n<div class=\"et_pb_text_19 et_pb_text et_pb_bg_layout_light et_pb_module et_flex_module preset--module--divi-text--default\"><div class=\"et_pb_text_inner\"><p>CHF 4\u2019000.\u2013<\/p>\n<\/div><\/div>\n<\/div>\n<\/div>\n<\/div>\n\n<div class=\"et_pb_section_2 et_pb_section et_section_regular et_block_section preset--module--divi-section--default\">\n<div class=\"et_pb_row_9 et_pb_row et_block_row preset--module--divi-row--default\">\n<div class=\"et_pb_column_21 et_pb_column et_pb_column_4_4 et-last-child et_block_column et_pb_css_mix_blend_mode_passthrough\">\n<div class=\"et_pb_text_20 et_pb_text et_pb_bg_layout_light et_pb_module et_block_module et_pb_text_align_center preset--module--divi-text--default\"><div class=\"et_pb_text_inner\"><h3>FAQs<\/h3>\n<\/div><\/div>\n\n<div class=\"et_pb_text_21 et_pb_text et_pb_bg_layout_light et_pb_module et_block_module preset--module--divi-text--default\"><div class=\"et_pb_text_inner\"><h2>H\u00e4ufig gestellte Fragen<\/h2>\n<\/div><\/div>\n\n<div class=\"et_pb_accordion_0 et_pb_accordion et_pb_module et_block_module preset--module--divi-accordion--default\">\n<div class=\"et_pb_accordion_item_0 et_pb_accordion_item et_pb_toggle et_pb_module et_pb_toggle_open et_block_module\"><h5 class=\"et_pb_toggle_title\">Was ist professionelles Coaching?<\/h5><div class=\"et_pb_toggle_content\"><p>Professionelles Coaching ist eine individuelle Begleitung, die Ihnen hilft, Ihre beruflichen Ziele zu erreichen. Durch strukturierte Gespr\u00e4che arbeiten wir gemeinsam daran, Ihre St\u00e4rken zu erkennen, Hindernisse zu \u00fcberwinden und konkrete Strategien f\u00fcr Ihren Erfolg zu entwickeln.<\/p>\n<\/div><\/div>\n\n<div class=\"et_pb_accordion_item_1 et_pb_accordion_item et_pb_toggle et_pb_module et_pb_toggle_close et_block_module\"><h5 class=\"et_pb_toggle_title\">Wie viele Sitzungen sind erforderlich?<\/h5><div class=\"et_pb_toggle_content\"><p>Die Anzahl der Sitzungen variiert je nach Ihren Zielen. Eine typische Begleitung umfasst zwischen 5 und 10 Sitzungen. Bei unserem ersten Treffen definieren wir gemeinsam einen Plan, der auf Ihre spezifischen Bed\u00fcrfnisse abgestimmt ist.<\/p>\n<\/div><\/div>\n\n<div class=\"et_pb_accordion_item_2 et_pb_accordion_item et_pb_toggle et_pb_module et_pb_toggle_close et_block_module\"><h5 class=\"et_pb_toggle_title\">Wie l\u00e4uft eine Coaching-Sitzung ab?<\/h5><div class=\"et_pb_toggle_content\"><p>Jede Sitzung dauert etwa 60 Minuten. Wir beginnen damit, Ihre Fortschritte zu besprechen, und arbeiten anschlie\u00dfend an den aktuellen Herausforderungen. Ich stelle Ihnen gezielte Fragen und begleite Sie im Reflexionsprozess, damit Sie Ihre eigenen L\u00f6sungen finden k\u00f6nnen.<\/p>\n<\/div><\/div>\n\n<div class=\"et_pb_accordion_item_3 et_pb_accordion_item et_pb_toggle et_pb_module et_pb_toggle_close et_block_module\"><h5 class=\"et_pb_toggle_title\">K\u00f6nnen die Sitzungen online stattfinden?<\/h5><div class=\"et_pb_toggle_content\"><p>Ja, ich biete Sitzungen sowohl vor Ort (Yverdon oder Bern) als auch per Videokonferenz an. Online-Coaching ist genauso effektiv und bietet zus\u00e4tzliche Flexibilit\u00e4t.<\/p>\n<\/div><\/div>\n\n<div class=\"et_pb_accordion_item_4 et_pb_accordion_item et_pb_toggle et_pb_module et_pb_toggle_close et_block_module\"><h5 class=\"et_pb_toggle_title\">Was ist der Unterschied zwischen Coaching und Therapie?<\/h5><div class=\"et_pb_toggle_content\"><p>Coaching ist auf die Zukunft und berufliche Ziele ausgerichtet, w\u00e4hrend sich Therapie h\u00e4ufig mit vergangenen psychologischen Themen besch\u00e4ftigt. Coaching geht davon aus, dass Sie mit der richtigen Begleitung Ihre eigenen L\u00f6sungen finden k\u00f6nnen.<\/p>\n<\/div><\/div>\n\n<div class=\"et_pb_accordion_item_5 et_pb_accordion_item et_pb_toggle et_pb_module et_pb_toggle_close et_block_module\"><h5 class=\"et_pb_toggle_title\">Wie wissen Sie, ob Coaching das Richtige f\u00fcr Sie ist?<\/h5><div class=\"et_pb_toggle_content\"><p>Wenn Sie klare berufliche Ziele haben, die Sie erreichen m\u00f6chten, und bereit sind, sich einzubringen und bestimmte Gewohnheiten zu hinterfragen, kann Coaching Ihnen helfen. Die kostenlose Kennenlernsitzung erm\u00f6glicht es Ihnen zu pr\u00fcfen, ob ich die richtige Person bin, um Sie zu unterst\u00fctzen.<\/p>\n<\/div><\/div>\n<\/div>\n<\/div>\n<\/div>\n<\/div>\n\n<div class=\"et_pb_section_3 et_pb_section et_section_regular et_block_section preset--module--divi-section--default\">\n<div class=\"et_pb_row_10 et_pb_row et_block_row preset--module--divi-row--default\">\n<div class=\"et_pb_column_22 et_pb_column et_pb_column_4_4 et-last-child et_block_column et_pb_css_mix_blend_mode_passthrough\">\n<div class=\"et_pb_text_22 et_pb_text et_pb_bg_layout_light et_pb_module et_block_module et_pb_text_align_center preset--module--divi-text--default\"><div class=\"et_pb_text_inner\"><h3>Warum ich?<\/h3>\n<\/div><\/div>\n\n<div class=\"et_pb_text_23 et_pb_text et_pb_bg_layout_light et_pb_module et_block_module preset--module--divi-text--default\"><div class=\"et_pb_text_inner\"><h2>Erfahrung zu Ihren Diensten<\/h2>\n<\/div><\/div>\n<\/div>\n<\/div>\n\n<div class=\"et_pb_row_11 et_pb_row et_pb_row_4col et_pb_equal_columns et_pb_gutters2 et_block_row et_block_row_4col blurb-line-row preset--module--divi-row--default\">\n<div class=\"et_pb_column_23 et_pb_column et_pb_column_1_4 et_block_column et_pb_css_mix_blend_mode_passthrough\">\n<div class=\"et_pb_blurb_3 et_pb_blurb et_pb_bg_layout_light et_pb_text_align_center et_pb_blurb_position_top et_pb_module et_block_module preset--module--divi-blurb--default\"><div class=\"et_pb_blurb_content\"><div class=\"et_pb_blurb_container\"><h4 class=\"et_pb_module_header\">16<\/h4><div class=\"et_pb_blurb_description\"><p>Jahre Erfahrung<\/p>\n<\/div><\/div><\/div><\/div>\n<\/div>\n\n<div class=\"et_pb_column_24 et_pb_column et_pb_column_1_4 et_block_column et_pb_css_mix_blend_mode_passthrough\">\n<div class=\"et_pb_blurb_4 et_pb_blurb et_pb_bg_layout_light et_pb_text_align_center et_pb_blurb_position_top et_pb_module et_block_module preset--module--divi-blurb--default\"><div class=\"et_pb_blurb_content\"><div class=\"et_pb_blurb_container\"><h4 class=\"et_pb_module_header\">3000+<\/h4><div class=\"et_pb_blurb_description\"><p>Stunden Coaching<\/p>\n<\/div><\/div><\/div><\/div>\n<\/div>\n\n<div class=\"et_pb_column_25 et_pb_column et_pb_column_1_4 et_block_column et_pb_css_mix_blend_mode_passthrough\">\n<div class=\"et_pb_blurb_5 et_pb_blurb et_pb_bg_layout_light et_pb_text_align_center et_pb_blurb_position_top et_pb_module et_block_module preset--module--divi-blurb--default\"><div class=\"et_pb_blurb_content\"><div class=\"et_pb_blurb_container\"><h4 class=\"et_pb_module_header\">1000+<\/h4><div class=\"et_pb_blurb_description\"><p>Stunden Weiterbildung<\/p>\n<\/div><\/div><\/div><\/div>\n<\/div>\n\n<div class=\"et_pb_column_26 et_pb_column et_pb_column_1_4 et-last-child et_block_column et_pb_css_mix_blend_mode_passthrough\">\n<div class=\"et_pb_blurb_6 et_pb_blurb et_pb_bg_layout_light et_pb_text_align_center et_pb_blurb_position_top et_pb_module et_block_module preset--module--divi-blurb--default\"><div class=\"et_pb_blurb_content\"><div class=\"et_pb_blurb_container\"><h4 class=\"et_pb_module_header\">2<\/h4><div class=\"et_pb_blurb_description\"><p>B\u00fcros (Bern & Yverdon)<\/p>\n<\/div><\/div><\/div><\/div>\n<\/div>\n<\/div>\n<\/div>","protected":false},"excerpt":{"rendered":"","protected":false},"author":7,"featured_media":0,"parent":0,"menu_order":0,"comment_status":"closed","ping_status":"closed","template":"","meta":{"footnotes":""},"class_list":["post-933","page","type-page","status-publish","hentry"],"dsm_author":{"name":"Mich\u00e8le Reber","avatar_url":"https:\/\/secure.gravatar.com\/avatar\/89fb998f2d1c83e237031ab63ef02ba17115024e853d0e679c6aa5b656559a1f?s=96&d=mm&r=g","archive_link":"https:\/\/mreber-coaching.ch\/de\/author\/admin\/","biodata":""},"dsm_categories":[],"dsm_attachment_categories":[],"dsm_featured_image":null,"_links":{"self":[{"href":"https:\/\/mreber-coaching.ch\/de\/wp-json\/wp\/v2\/pages\/933","targetHints":{"allow":["GET"]}}],"collection":[{"href":"https:\/\/mreber-coaching.ch\/de\/wp-json\/wp\/v2\/pages"}],"about":[{"href":"https:\/\/mreber-coaching.ch\/de\/wp-json\/wp\/v2\/types\/page"}],"author":[{"embeddable":true,"href":"https:\/\/mreber-coaching.ch\/de\/wp-json\/wp\/v2\/users\/7"}],"replies":[{"embeddable":true,"href":"https:\/\/mreber-coaching.ch\/de\/wp-json\/wp\/v2\/comments?post=933"}],"version-history":[{"count":5,"href":"https:\/\/mreber-coaching.ch\/de\/wp-json\/wp\/v2\/pages\/933\/revisions"}],"predecessor-version":[{"id":1022,"href":"https:\/\/mreber-coaching.ch\/de\/wp-json\/wp\/v2\/pages\/933\/revisions\/1022"}],"wp:attachment":[{"href":"https:\/\/mreber-coaching.ch\/de\/wp-json\/wp\/v2\/media?parent=933"}],"curies":[{"name":"wp","href":"https:\/\/api.w.org\/{rel}","templated":true}]}}