{"id":921,"date":"2026-03-02T07:32:55","date_gmt":"2026-03-02T07:32:55","guid":{"rendered":"https:\/\/mreber-coaching.ch\/termin-vereinbaren\/"},"modified":"2026-03-21T21:06:30","modified_gmt":"2026-03-21T21:06:30","slug":"termin-vereinbaren","status":"publish","type":"page","link":"https:\/\/mreber-coaching.ch\/de\/termin-vereinbaren\/","title":{"rendered":"Termin vereinbaren"},"content":{"rendered":"<div class=\"et_pb_section_0 et_pb_section et_section_regular et_block_section preset--module--divi-section--default\">\n<div class=\"et_pb_row_0 et_pb_row et_pb_gutters2 et_block_row preset--module--divi-row--default\">\n<div class=\"et_pb_column_0 et_pb_column et_pb_column_4_4 et-last-child et_block_column et_pb_css_mix_blend_mode_passthrough\">\n<div class=\"dsm_icon_list_0 dsm_icon_list et_pb_module preset--module--dsm-icon-list--default\"><ul class=\"dsm_icon_list_items  dsm_icon_list_direction_left\">\n<li class=\"dsm_icon_list_child_0 dsm_icon_list_child et_pb_module\"><span class=\"dsm_icon_list_wrapper\">\n\t\t\t     <span class=\"dsm_icon_list_icon\">\ue023<\/span>\n\t\t\t  <\/span>\n\t\t\t  <span class=\"dsm_icon_list_text\">Termin vereinbaren<\/span>\n\t\t\t<\/li>\n<\/ul><\/div>\n\n<div class=\"et_pb_text_0 et_pb_text et_pb_bg_layout_light et_pb_module et_block_module preset--module--divi-text--default\"><div class=\"et_pb_text_inner\"><h1>Buchen Sie Ihre <span style=\"color: #4dcbbd;\">Sitzung<\/span><\/h1>\n<\/div><\/div>\n\n<div class=\"et_pb_text_1 et_pb_text et_pb_bg_layout_light et_pb_module et_block_module et_pb_text_align_center preset--module--divi-text--default\"><div class=\"et_pb_text_inner\"><p>Beginnen Sie mit einem kostenlosen 30-min\u00fctigen Kennenlerngespr\u00e4ch. Es ist eine Gelegenheit, sich kennenzulernen und \u00fcber Ihre Situation zu sprechen.<\/p>\n<\/div><\/div>\n<\/div>\n<\/div>\n<\/div>\n\n<div class=\"et_pb_section_1 et_pb_section et_section_regular et_block_section preset--module--divi-section--default\">\n<div class=\"et_pb_row_1 et_pb_row et_pb_equal_columns et_pb_gutters2 et_block_row blurb-line-row preset--module--divi-row--default\">\n<div class=\"et_pb_column_1 et_pb_column et_pb_column_1_2 et_block_column et_pb_css_mix_blend_mode_passthrough\">\n<div class=\"et_pb_blurb_0 et_pb_blurb et_pb_bg_layout_light et_pb_blurb_position_left et_pb_module et_block_module preset--module--divi-blurb--default\"><div class=\"et_pb_blurb_content\"><div class=\"et_pb_main_blurb_image\"><span class=\"et_pb_image_wrap\"><span class=\"et-pb-icon et-waypoint et_pb_animation_top et_pb_animation_top_tablet et_pb_animation_top_phone\">\uf03d<\/span><\/span><\/div><div class=\"et_pb_blurb_container\"><h4 class=\"et_pb_module_header\">Online<\/h4><div class=\"et_pb_blurb_description\"><p>Videokonferenz (Zoom\/Teams)<\/p>\n<\/div><\/div><\/div><\/div>\n<\/div>\n\n<div class=\"et_pb_column_2 et_pb_column et_pb_column_1_2 et-last-child et_block_column et_pb_css_mix_blend_mode_passthrough\">\n<div class=\"et_pb_blurb_1 et_pb_blurb et_pb_bg_layout_light et_pb_blurb_position_left et_pb_module et_block_module preset--module--divi-blurb--default\"><div class=\"et_pb_blurb_content\"><div class=\"et_pb_main_blurb_image\"><span class=\"et_pb_image_wrap\"><span class=\"et-pb-icon et-waypoint et_pb_animation_top et_pb_animation_top_tablet et_pb_animation_top_phone\">\uf1ad<\/span><\/span><\/div><div class=\"et_pb_blurb_container\"><h4 class=\"et_pb_module_header\">Pers\u00f6nlich vor Ort<\/h4><div class=\"et_pb_blurb_description\"><p>Yverdon oder Bern<\/p>\n<\/div><\/div><\/div><\/div>\n<\/div>\n<\/div>\n<\/div>\n\n<div class=\"et_pb_section_2 et_pb_section et_section_regular et_block_section preset--module--divi-section--default\">\n<div class=\"et_pb_row_2 et_pb_row et_flex_row preset--module--divi-row--default\">\n<div class=\"et_pb_column_3 et_pb_column et_flex_column et_pb_css_mix_blend_mode_passthrough et_flex_column_12_24 et_flex_column_12_24_tablet et_flex_column_24_24_phone\">\n<div class=\"et_pb_text_2 et_pb_text et_pb_bg_layout_light et_pb_module et_block_module preset--module--divi-text--default\"><div class=\"et_pb_text_inner\"><h3>\ud83d\udd54\u00a0 Kennenlerngespr\u00e4ch<\/h3>\n<h4>30 Minuten kostenlos<\/h4>\n<p>Lernen wir uns kennen! Dieses erste Gespr\u00e4ch erm\u00f6glicht es uns, \u00fcber Ihre Situation zu sprechen und zu sehen, ob ich die richtige Person bin, um Sie zu unterst\u00fctzen.<\/p>\n<p>\u2713 100 % kostenlos und unverbindlich<br \/>\u2713 Sitzung online\u00a0<br \/>\u2713 Streng vertraulicher Rahmen<\/p>\n<\/div><\/div>\n\n<div class=\"et_pb_module et_pb_button_module_wrapper et_pb_button_0_wrapper preset--module--divi-button--default_wrapper\"><a class=\"et_pb_button_0 et_pb_button et_pb_bg_layout_light et_pb_module et_flex_module amelia-popup1 preset--module--divi-button--default\" href=\"\">Entdeckungsgespr\u00e4ch buchen<\/a><\/div>\n<\/div>\n\n<div class=\"et_pb_column_4 et_pb_column et-last-child et_flex_column et_pb_css_mix_blend_mode_passthrough et_flex_column_12_24 et_flex_column_12_24_tablet et_flex_column_24_24_phone\">\n<div class=\"et_pb_text_3 et_pb_text et_pb_bg_layout_light et_pb_module et_block_module preset--module--divi-text--default\"><div class=\"et_pb_text_inner\"><h3>\ud83d\udd54 <span style=\"color: #000000;\">Buchen Sie Ihre<\/span> Sitzung<\/h3>\n<p>Bereit, aktiv zu werden? Beginnen wir noch heute.<\/p>\n<p>\u2713 Wirkung und Klarheit bereits ab der ersten Sitzung<br \/>\n\u2713 Sitzungen online oder vor Ort<br \/>\n\u2713 Streng vertraulicher Rahmen<br \/>\n\u2713 Individuelle und ergebnisorientierte Begleitung<\/p>\n<\/div><\/div>\n\n<div class=\"dsm_price_list_0 dsm_price_list et_pb_module\"><div class=\"et_pb_module_inner\">\n<div class=\"dsm_price_list_child_0 dsm_price_list_child et_pb_module\"><div class=\"et_pb_module_inner\">\n\t\t\t<div class=\"dsm_pricelist_item_wrapper\">\n\t\t\t  <div class=\"dsm-pricelist-header\">\n\t\t\t    <div class=\"dsm-pricelist-title et_pb_module_header\">\n\t\t\t\t  Investition f\u00fcr Privatpersonen\n\t\t\t\t<\/div>\n\t\t\t\t<div class=\"dsm-pricelist-separator\"><\/div>\n\t\t\t\t<div class=\"dsm-pricelist-price\">CHF 180.--<\/div>\n\t\t\t  <\/div>\n\t\t\t  <div class=\"dsm-pricelist-description\"><\/div>\n\t\t\t<\/div>\n\t\t\t\n\t\t\t<\/div><\/div>\n<\/div><\/div>\n\n<div class=\"dsm_price_list_1 dsm_price_list et_pb_module\"><div class=\"et_pb_module_inner\">\n<div class=\"dsm_price_list_child_1 dsm_price_list_child et_pb_module\"><div class=\"et_pb_module_inner\">\n\t\t\t<div class=\"dsm_pricelist_item_wrapper\">\n\t\t\t  <div class=\"dsm-pricelist-header\">\n\t\t\t    <div class=\"dsm-pricelist-title et_pb_module_header\">\n\t\t\t\t  Investition f\u00fcr Unternehmen\n\t\t\t\t<\/div>\n\t\t\t\t<div class=\"dsm-pricelist-separator\"><\/div>\n\t\t\t\t<div class=\"dsm-pricelist-price\">CHF 250.--<\/div>\n\t\t\t  <\/div>\n\t\t\t  <div class=\"dsm-pricelist-description\"><\/div>\n\t\t\t<\/div>\n\t\t\t\n\t\t\t<\/div><\/div>\n<\/div><\/div>\n\n<div class=\"et_pb_module et_pb_button_module_wrapper et_pb_button_1_wrapper preset--module--divi-button--default_wrapper\"><a class=\"et_pb_button_1 et_pb_button et_pb_bg_layout_light et_pb_module et_flex_module amelia-popup-all preset--module--divi-button--default\" href=\"\">Termin vereinbaren<\/a><\/div>\n<\/div>\n<\/div>\n<\/div>","protected":false},"excerpt":{"rendered":"","protected":false},"author":7,"featured_media":0,"parent":0,"menu_order":0,"comment_status":"closed","ping_status":"closed","template":"","meta":{"footnotes":""},"class_list":["post-921","page","type-page","status-publish","hentry"],"dsm_author":{"name":"Mich\u00e8le Reber","avatar_url":"https:\/\/secure.gravatar.com\/avatar\/89fb998f2d1c83e237031ab63ef02ba17115024e853d0e679c6aa5b656559a1f?s=96&d=mm&r=g","archive_link":"https:\/\/mreber-coaching.ch\/de\/author\/admin\/","biodata":""},"dsm_categories":[],"dsm_attachment_categories":[],"dsm_featured_image":null,"_links":{"self":[{"href":"https:\/\/mreber-coaching.ch\/de\/wp-json\/wp\/v2\/pages\/921","targetHints":{"allow":["GET"]}}],"collection":[{"href":"https:\/\/mreber-coaching.ch\/de\/wp-json\/wp\/v2\/pages"}],"about":[{"href":"https:\/\/mreber-coaching.ch\/de\/wp-json\/wp\/v2\/types\/page"}],"author":[{"embeddable":true,"href":"https:\/\/mreber-coaching.ch\/de\/wp-json\/wp\/v2\/users\/7"}],"replies":[{"embeddable":true,"href":"https:\/\/mreber-coaching.ch\/de\/wp-json\/wp\/v2\/comments?post=921"}],"version-history":[{"count":4,"href":"https:\/\/mreber-coaching.ch\/de\/wp-json\/wp\/v2\/pages\/921\/revisions"}],"predecessor-version":[{"id":1054,"href":"https:\/\/mreber-coaching.ch\/de\/wp-json\/wp\/v2\/pages\/921\/revisions\/1054"}],"wp:attachment":[{"href":"https:\/\/mreber-coaching.ch\/de\/wp-json\/wp\/v2\/media?parent=921"}],"curies":[{"name":"wp","href":"https:\/\/api.w.org\/{rel}","templated":true}]}}