{"id":903,"date":"2026-01-21T16:36:07","date_gmt":"2026-01-21T16:36:07","guid":{"rendered":"https:\/\/mreber-coaching.ch\/fuehrungskraefte-coaching\/"},"modified":"2026-03-16T11:15:15","modified_gmt":"2026-03-16T11:15:15","slug":"fuehrungskraefte-coaching","status":"publish","type":"page","link":"https:\/\/mreber-coaching.ch\/de\/fuehrungskraefte-coaching\/","title":{"rendered":"F\u00fchrungskr\u00e4fte-Coaching"},"content":{"rendered":"<div class=\"et_pb_section_0 et_pb_section et_section_regular et_block_section preset--module--divi-section--default\">\n<div class=\"et_pb_row_0 et_pb_row et_pb_gutters2 et_block_row preset--module--divi-row--default\">\n<div class=\"et_pb_column_0 et_pb_column et_pb_column_4_4 et-last-child et_block_column et_pb_css_mix_blend_mode_passthrough\">\n<div class=\"et_pb_text_0 et_pb_text et_pb_bg_layout_light et_pb_module et_block_module preset--module--divi-text--default\"><div class=\"et_pb_text_inner\"><h2>F\u00fchrungskr\u00e4fte-Coaching<br \/>\n<\/h2>\n<\/div><\/div>\n\n<div class=\"et_pb_text_1 et_pb_text et_pb_bg_layout_light et_pb_module et_block_module preset--module--divi-text--default\"><div class=\"et_pb_text_inner\"><h1>F\u00fchrung beginnt bei Ihnen<\/h1>\n<\/div><\/div>\n\n<div class=\"et_pb_text_2 et_pb_text et_pb_bg_layout_light et_pb_module et_block_module et_pb_text_align_center preset--module--divi-text--default\"><div class=\"et_pb_text_inner\"><p>Ihr Einfluss zeigt sich im Team. Entwickeln Sie Ihre authentische und inspirierende F\u00fchrungsrolle mit einer pers\u00f6nlichen und praxisnahen Begleitung.<\/p>\n<\/div><\/div>\n\n<div class=\"et_pb_group_0 et_pb_group et-last-child et_pb_module et_flex_group et_pb_css_mix_blend_mode_passthrough\">\n<div class=\"et_pb_module et_pb_button_module_wrapper et_pb_button_0_wrapper preset--module--divi-button--default_wrapper\"><a class=\"et_pb_button_0 et_pb_button et_pb_bg_layout_light et_pb_module et_flex_module preset--module--divi-button--default\" href=\"#footerarea\">Erstgespr\u00e4ch buchen<\/a><\/div>\n\n<div class=\"et_pb_module et_pb_button_module_wrapper et_pb_button_1_wrapper preset--module--divi-button--default_wrapper\"><a class=\"et_pb_button_1 et_pb_button et_pb_bg_layout_light et_pb_module et_flex_module preset--module--divi-button--default\" href=\"#more\">Leistungen entdecken<\/a><\/div>\n<\/div>\n<\/div>\n<\/div>\n<\/div>\n\n<div class=\"et_pb_section_1 et_pb_section et_section_regular et_block_section preset--module--divi-section--default\" id=\"more\">\n<div class=\"et_pb_row_1 et_pb_row et_block_row preset--module--divi-row--default\">\n<div class=\"et_pb_column_1 et_pb_column et_pb_column_4_4 et-last-child et_block_column et_pb_css_mix_blend_mode_passthrough\">\n<div class=\"et_pb_text_3 et_pb_text et_pb_bg_layout_light et_pb_module et_block_module et_pb_text_align_center preset--module--divi-text--default\"><div class=\"et_pb_text_inner\"><h3>Begleitbereiche<\/h3>\n<\/div><\/div>\n\n<div class=\"et_pb_text_4 et_pb_text et_pb_bg_layout_light et_pb_module et_block_module preset--module--divi-text--default\"><div class=\"et_pb_text_inner\"><h2>Ein ma\u00dfgeschneidertes Programm zur Entwicklung nachhaltiger F\u00fchrung.<\/h2>\n<\/div><\/div>\n<\/div>\n<\/div>\n\n<div class=\"et_pb_row_2 et_pb_row et_pb_equal_columns et_pb_gutters2 et_block_row blurb-line-row preset--module--divi-row--default\">\n<div class=\"et_pb_column_2 et_pb_column et_pb_column_1_2 et_block_column et_pb_css_mix_blend_mode_passthrough\">\n<div class=\"et_pb_image_0 et_pb_image et_pb_module et_block_module preset--module--divi-image--default\"><span class=\"et_pb_image_wrap\"><img decoding=\"async\" data-src=\"https:\/\/darkgray-ram-841917.hostingersite.com\/wp-content\/uploads\/2026\/01\/Leadership-posture-professionnelle-image-2.webp\" title=\"Leadership-posture-professionnelle-image 2\" src=\"data:image\/svg+xml;base64,PHN2ZyB3aWR0aD0iMSIgaGVpZ2h0PSIxIiB4bWxucz0iaHR0cDovL3d3dy53My5vcmcvMjAwMC9zdmciPjwvc3ZnPg==\" class=\"lazyload\" \/><\/span><\/div>\n\n<div class=\"et_pb_blurb_0 et_pb_blurb et_pb_bg_layout_light et_pb_blurb_position_top et_pb_module et_block_module preset--module--divi-blurb--default\"><div class=\"et_pb_blurb_content\"><div class=\"et_pb_main_blurb_image\"><span class=\"et_pb_image_wrap et_pb_only_image_mode_wrap\"><img decoding=\"async\" data-src=\"https:\/\/darkgray-ram-841917.hostingersite.com\/wp-content\/uploads\/2026\/01\/leadership-icon.png\" class=\"et-waypoint et_pb_animation_top et_pb_animation_top_tablet et_pb_animation_top_phone lazyload\" src=\"data:image\/svg+xml;base64,PHN2ZyB3aWR0aD0iMSIgaGVpZ2h0PSIxIiB4bWxucz0iaHR0cDovL3d3dy53My5vcmcvMjAwMC9zdmciPjwvc3ZnPg==\" \/><\/span><\/div><div class=\"et_pb_blurb_container\"><h4 class=\"et_pb_module_header\">Leadership und professionelle Haltung<\/h4><div class=\"et_pb_blurb_description\"><p>Entwickeln Sie Ihre authentische F\u00fchrung und st\u00e4rken Sie die Verantwortung Ihres Teams.<\/p>\n<\/div><\/div><\/div><\/div>\n\n<div class=\"dsm_icon_list_0 dsm_icon_list et_pb_module preset--module--dsm-icon-list--default\"><ul class=\"dsm_icon_list_items  dsm_icon_list_direction_left\">\n<li class=\"dsm_icon_list_child_0 dsm_icon_list_child et_pb_module\"><span class=\"dsm_icon_list_wrapper\">\n\t\t\t     <span class=\"dsm_icon_list_icon\">\uf058<\/span>\n\t\t\t  <\/span>\n\t\t\t  <span class=\"dsm_icon_list_text\">Ihren F\u00fchrungsstil definieren: Welche F\u00fchrungskraft m\u00f6chten Sie sein?<\/span>\n\t\t\t<\/li>\n\n<li class=\"dsm_icon_list_child_1 dsm_icon_list_child et_pb_module\"><span class=\"dsm_icon_list_wrapper\">\n\t\t\t     <span class=\"dsm_icon_list_icon\">\uf058<\/span>\n\t\t\t  <\/span>\n\t\t\t  <span class=\"dsm_icon_list_text\">Ihre Werte und Ihre Vision kl\u00e4ren<\/span>\n\t\t\t<\/li>\n\n<li class=\"dsm_icon_list_child_2 dsm_icon_list_child et_pb_module\"><span class=\"dsm_icon_list_wrapper\">\n\t\t\t     <span class=\"dsm_icon_list_icon\">\uf058<\/span>\n\t\t\t  <\/span>\n\t\t\t  <span class=\"dsm_icon_list_text\">Offen kommunizieren und Verantwortung im Team f\u00f6rdern<\/span>\n\t\t\t<\/li>\n\n<li class=\"dsm_icon_list_child_3 dsm_icon_list_child et_pb_module\"><span class=\"dsm_icon_list_wrapper\">\n\t\t\t     <span class=\"dsm_icon_list_icon\">\uf058<\/span>\n\t\t\t  <\/span>\n\t\t\t  <span class=\"dsm_icon_list_text\">Eine Strategie f\u00fcr sich und Ihr Team entwickeln<\/span>\n\t\t\t<\/li>\n<\/ul><\/div>\n<\/div>\n\n<div class=\"et_pb_column_3 et_pb_column et_pb_column_1_2 et-last-child et_block_column et_pb_css_mix_blend_mode_passthrough\">\n<div class=\"et_pb_image_1 et_pb_image et_pb_module et_block_module preset--module--divi-image--default\"><span class=\"et_pb_image_wrap\"><img decoding=\"async\" data-src=\"https:\/\/darkgray-ram-841917.hostingersite.com\/wp-content\/uploads\/2026\/01\/Changements-transitions-image.webp\" title=\"Changements &amp; transitions image\" src=\"data:image\/svg+xml;base64,PHN2ZyB3aWR0aD0iMSIgaGVpZ2h0PSIxIiB4bWxucz0iaHR0cDovL3d3dy53My5vcmcvMjAwMC9zdmciPjwvc3ZnPg==\" class=\"lazyload\" \/><\/span><\/div>\n\n<div class=\"et_pb_blurb_1 et_pb_blurb et_pb_bg_layout_light et_pb_blurb_position_top et_pb_module et_block_module preset--module--divi-blurb--default\"><div class=\"et_pb_blurb_content\"><div class=\"et_pb_main_blurb_image\"><span class=\"et_pb_image_wrap et_pb_only_image_mode_wrap\"><img decoding=\"async\" data-src=\"https:\/\/darkgray-ram-841917.hostingersite.com\/wp-content\/uploads\/2026\/02\/Changements-transitions-icon2.png\" class=\"et-waypoint et_pb_animation_top et_pb_animation_top_tablet et_pb_animation_top_phone lazyload\" src=\"data:image\/svg+xml;base64,PHN2ZyB3aWR0aD0iMSIgaGVpZ2h0PSIxIiB4bWxucz0iaHR0cDovL3d3dy53My5vcmcvMjAwMC9zdmciPjwvc3ZnPg==\" \/><\/span><\/div><div class=\"et_pb_blurb_container\"><h4 class=\"et_pb_module_header\">Ver\u00e4nderungen und \u00dcberg\u00e4nge<\/h4><div class=\"et_pb_blurb_description\"><p>Begleitung bei beruflichen oder organisatorischen Ver\u00e4nderungen<\/p>\n<\/div><\/div><\/div><\/div>\n\n<div class=\"dsm_icon_list_1 dsm_icon_list et_pb_module preset--module--dsm-icon-list--default\"><ul class=\"dsm_icon_list_items  dsm_icon_list_direction_left\">\n<li class=\"dsm_icon_list_child_4 dsm_icon_list_child et_pb_module\"><span class=\"dsm_icon_list_wrapper\">\n\t\t\t     <span class=\"dsm_icon_list_icon\">\uf058<\/span>\n\t\t\t  <\/span>\n\t\t\t  <span class=\"dsm_icon_list_text\">Eine klare und sinnstiftende Vision entwickeln<\/span>\n\t\t\t<\/li>\n\n<li class=\"dsm_icon_list_child_5 dsm_icon_list_child et_pb_module\"><span class=\"dsm_icon_list_wrapper\">\n\t\t\t     <span class=\"dsm_icon_list_icon\">\uf058<\/span>\n\t\t\t  <\/span>\n\t\t\t  <span class=\"dsm_icon_list_text\">Ver\u00e4nderungen glaubw\u00fcrdig und konsequent verk\u00f6rpern<\/span>\n\t\t\t<\/li>\n\n<li class=\"dsm_icon_list_child_6 dsm_icon_list_child et_pb_module\"><span class=\"dsm_icon_list_wrapper\">\n\t\t\t     <span class=\"dsm_icon_list_icon\">\uf058<\/span>\n\t\t\t  <\/span>\n\t\t\t  <span class=\"dsm_icon_list_text\">Offen und motivierend kommunizieren<\/span>\n\t\t\t<\/li>\n\n<li class=\"dsm_icon_list_child_7 dsm_icon_list_child et_pb_module\"><span class=\"dsm_icon_list_wrapper\">\n\t\t\t     <span class=\"dsm_icon_list_icon\">\uf058<\/span>\n\t\t\t  <\/span>\n\t\t\t  <span class=\"dsm_icon_list_text\">Widerst\u00e4nde verstehen und konstruktiv nutzen<\/span>\n\t\t\t<\/li>\n\n<li class=\"dsm_icon_list_child_8 dsm_icon_list_child et_pb_module\"><span class=\"dsm_icon_list_wrapper\">\n\t\t\t     <span class=\"dsm_icon_list_icon\">\uf058<\/span>\n\t\t\t  <\/span>\n\t\t\t  <span class=\"dsm_icon_list_text\">Ver\u00e4nderungen nachhaltig verankern<\/span>\n\t\t\t<\/li>\n<\/ul><\/div>\n<\/div>\n<\/div>\n\n<div class=\"et_pb_row_3 et_pb_row et_pb_equal_columns et_pb_gutters2 et_block_row blurb-line-row preset--module--divi-row--default\">\n<div class=\"et_pb_column_4 et_pb_column et_pb_column_1_2 et_block_column et_pb_css_mix_blend_mode_passthrough\">\n<div class=\"et_pb_image_2 et_pb_image et_pb_module et_block_module preset--module--divi-image--default\"><span class=\"et_pb_image_wrap\"><img decoding=\"async\" data-src=\"https:\/\/darkgray-ram-841917.hostingersite.com\/wp-content\/uploads\/2026\/01\/Resilience-gestion-emotionnelle-image2.jpg\" title=\"R\u00e9silience &amp; gestion \u00e9motionnelle image2\" src=\"data:image\/svg+xml;base64,PHN2ZyB3aWR0aD0iMSIgaGVpZ2h0PSIxIiB4bWxucz0iaHR0cDovL3d3dy53My5vcmcvMjAwMC9zdmciPjwvc3ZnPg==\" class=\"lazyload\" \/><\/span><\/div>\n\n<div class=\"et_pb_blurb_2 et_pb_blurb et_pb_bg_layout_light et_pb_blurb_position_top et_pb_module et_block_module preset--module--divi-blurb--default\"><div class=\"et_pb_blurb_content\"><div class=\"et_pb_main_blurb_image\"><span class=\"et_pb_image_wrap et_pb_only_image_mode_wrap\"><img decoding=\"async\" data-src=\"https:\/\/darkgray-ram-841917.hostingersite.com\/wp-content\/uploads\/2026\/02\/Resilience-gestion-emotionnelle-icon.png\" class=\"et-waypoint et_pb_animation_top et_pb_animation_top_tablet et_pb_animation_top_phone lazyload\" src=\"data:image\/svg+xml;base64,PHN2ZyB3aWR0aD0iMSIgaGVpZ2h0PSIxIiB4bWxucz0iaHR0cDovL3d3dy53My5vcmcvMjAwMC9zdmciPjwvc3ZnPg==\" \/><\/span><\/div><div class=\"et_pb_blurb_container\"><h4 class=\"et_pb_module_header\">Resilienz und Emotionsmanagement<\/h4><div class=\"et_pb_blurb_description\"><p>St\u00e4rken Sie Ihre F\u00e4higkeit, sich zu erholen und Ihre Emotionen effektiv zu steuern.<\/p>\n<\/div><\/div><\/div><\/div>\n\n<div class=\"dsm_icon_list_2 dsm_icon_list et_pb_module preset--module--dsm-icon-list--default\"><ul class=\"dsm_icon_list_items  dsm_icon_list_direction_left\">\n<li class=\"dsm_icon_list_child_9 dsm_icon_list_child et_pb_module\"><span class=\"dsm_icon_list_wrapper\">\n\t\t\t     <span class=\"dsm_icon_list_icon\">\uf058<\/span>\n\t\t\t  <\/span>\n\t\t\t  <span class=\"dsm_icon_list_text\">Emotionen besser steuern<\/span>\n\t\t\t<\/li>\n\n<li class=\"dsm_icon_list_child_10 dsm_icon_list_child et_pb_module\"><span class=\"dsm_icon_list_wrapper\">\n\t\t\t     <span class=\"dsm_icon_list_icon\">\uf058<\/span>\n\t\t\t  <\/span>\n\t\t\t  <span class=\"dsm_icon_list_text\">Stress reduzieren<\/span>\n\t\t\t<\/li>\n\n<li class=\"dsm_icon_list_child_11 dsm_icon_list_child et_pb_module\"><span class=\"dsm_icon_list_wrapper\">\n\t\t\t     <span class=\"dsm_icon_list_icon\">\uf058<\/span>\n\t\t\t  <\/span>\n\t\t\t  <span class=\"dsm_icon_list_text\">Resilienz entwickeln<\/span>\n\t\t\t<\/li>\n\n<li class=\"dsm_icon_list_child_12 dsm_icon_list_child et_pb_module\"><span class=\"dsm_icon_list_wrapper\">\n\t\t\t     <span class=\"dsm_icon_list_icon\">\uf058<\/span>\n\t\t\t  <\/span>\n\t\t\t  <span class=\"dsm_icon_list_text\">Schwierigkeiten \u00fcberwinden und daraus lernen<\/span>\n\t\t\t<\/li>\n<\/ul><\/div>\n<\/div>\n\n<div class=\"et_pb_column_5 et_pb_column et_pb_column_1_2 et-last-child et_block_column et_pb_css_mix_blend_mode_passthrough\">\n<div class=\"et_pb_image_3 et_pb_image et_pb_module et_block_module preset--module--divi-image--default\"><span class=\"et_pb_image_wrap\"><img decoding=\"async\" data-src=\"https:\/\/darkgray-ram-841917.hostingersite.com\/wp-content\/uploads\/2026\/01\/Communication-dynamique-dequipe-image.webp\" title=\"Communication &amp; dynamique d&#039;\u00e9quipe image\" src=\"data:image\/svg+xml;base64,PHN2ZyB3aWR0aD0iMSIgaGVpZ2h0PSIxIiB4bWxucz0iaHR0cDovL3d3dy53My5vcmcvMjAwMC9zdmciPjwvc3ZnPg==\" class=\"lazyload\" \/><\/span><\/div>\n\n<div class=\"et_pb_blurb_3 et_pb_blurb et_pb_bg_layout_light et_pb_blurb_position_top et_pb_module et_block_module preset--module--divi-blurb--default\"><div class=\"et_pb_blurb_content\"><div class=\"et_pb_main_blurb_image\"><span class=\"et_pb_image_wrap et_pb_only_image_mode_wrap\"><img decoding=\"async\" data-src=\"https:\/\/darkgray-ram-841917.hostingersite.com\/wp-content\/uploads\/2026\/03\/Communication-dynamique-dequipe-icon.png\" width=\"806\" height=\"779\" data-srcset=\"https:\/\/mreber-coaching.ch\/wp-content\/uploads\/2026\/03\/Communication-dynamique-dequipe-icon.png 806w, https:\/\/mreber-coaching.ch\/wp-content\/uploads\/2026\/03\/Communication-dynamique-dequipe-icon-300x290.png 300w, https:\/\/mreber-coaching.ch\/wp-content\/uploads\/2026\/03\/Communication-dynamique-dequipe-icon-768x742.png 768w, https:\/\/mreber-coaching.ch\/wp-content\/uploads\/2026\/03\/Communication-dynamique-dequipe-icon-480x464.png 480w\" data-sizes=\"(max-width: 806px) 100vw, 806px\" class=\"et-waypoint et_pb_animation_top et_pb_animation_top_tablet et_pb_animation_top_phone wp-image-842 lazyload\" title=\"Communication &amp; dynamique d&#039;\u00e9quipe icon\" src=\"data:image\/svg+xml;base64,PHN2ZyB3aWR0aD0iMSIgaGVpZ2h0PSIxIiB4bWxucz0iaHR0cDovL3d3dy53My5vcmcvMjAwMC9zdmciPjwvc3ZnPg==\" style=\"--smush-placeholder-width: 806px; --smush-placeholder-aspect-ratio: 806\/779;\" \/><\/span><\/div><div class=\"et_pb_blurb_container\"><h4 class=\"et_pb_module_header\">Kommunikation und Teamdynamik<\/h4><div class=\"et_pb_blurb_description\"><p>Verbessern Sie Ihre Kommunikationsf\u00e4higkeiten und den Zusammenhalt Ihres Teams.<\/p>\n<\/div><\/div><\/div><\/div>\n\n<div class=\"dsm_icon_list_3 dsm_icon_list et_pb_module preset--module--dsm-icon-list--default\"><ul class=\"dsm_icon_list_items  dsm_icon_list_direction_left\">\n<li class=\"dsm_icon_list_child_13 dsm_icon_list_child et_pb_module\"><span class=\"dsm_icon_list_wrapper\">\n\t\t\t     <span class=\"dsm_icon_list_icon\">\uf058<\/span>\n\t\t\t  <\/span>\n\t\t\t  <span class=\"dsm_icon_list_text\">Zwischenmenschliche Kommunikation verbessern<\/span>\n\t\t\t<\/li>\n\n<li class=\"dsm_icon_list_child_14 dsm_icon_list_child et_pb_module\"><span class=\"dsm_icon_list_wrapper\">\n\t\t\t     <span class=\"dsm_icon_list_icon\">\uf058<\/span>\n\t\t\t  <\/span>\n\t\t\t  <span class=\"dsm_icon_list_text\">Teamdynamik verbessern<\/span>\n\t\t\t<\/li>\n\n<li class=\"dsm_icon_list_child_15 dsm_icon_list_child et_pb_module\"><span class=\"dsm_icon_list_wrapper\">\n\t\t\t     <span class=\"dsm_icon_list_icon\">\uf058<\/span>\n\t\t\t  <\/span>\n\t\t\t  <span class=\"dsm_icon_list_text\">Konflikte konstruktiv l\u00f6sen<\/span>\n\t\t\t<\/li>\n\n<li class=\"dsm_icon_list_child_16 dsm_icon_list_child et_pb_module\"><span class=\"dsm_icon_list_wrapper\">\n\t\t\t     <span class=\"dsm_icon_list_icon\">\uf058<\/span>\n\t\t\t  <\/span>\n\t\t\t  <span class=\"dsm_icon_list_text\">Vertrauen (wieder)aufbauen und den Teamzusammenhalt st\u00e4rken<\/span>\n\t\t\t<\/li>\n<\/ul><\/div>\n<\/div>\n<\/div>\n<\/div>\n\n<div class=\"et_pb_section_2 et_pb_section et_section_regular et_block_section preset--module--divi-section--default\">\n<div class=\"et_pb_row_4 et_pb_row et_block_row preset--module--divi-row--default\">\n<div class=\"et_pb_column_6 et_pb_column et_pb_column_4_4 et-last-child et_block_column et_pb_css_mix_blend_mode_passthrough\">\n<div class=\"et_pb_text_5 et_pb_text et_pb_bg_layout_light et_pb_module et_block_module preset--module--divi-text--default\"><div class=\"et_pb_text_inner\"><h2>Die ersten Anzeichen von Burnout zu erkennen bedeutet, verantwortungsvoll zu handeln.<br \/>\n<\/h2>\n<\/div><\/div>\n<\/div>\n<\/div>\n\n<div class=\"et_pb_row_5 et_pb_row et_pb_equal_columns et_pb_gutters2 et_block_row blurb-line-row preset--module--divi-row--default\">\n<div class=\"et_pb_column_7 et_pb_column et_pb_column_1_2 et_block_column et_pb_css_mix_blend_mode_passthrough\">\n<div class=\"et_pb_blurb_4 et_pb_blurb et_pb_bg_layout_light et_pb_blurb_position_top et_pb_module et_block_module preset--module--divi-blurb--default\"><div class=\"et_pb_blurb_content\"><div class=\"et_pb_main_blurb_image\"><span class=\"et_pb_image_wrap et_pb_only_image_mode_wrap\"><img decoding=\"async\" data-src=\"https:\/\/darkgray-ram-841917.hostingersite.com\/wp-content\/uploads\/2026\/02\/Prevention-de-Burnout-icon-1.png\" width=\"128\" height=\"128\" data-srcset=\"https:\/\/darkgray-ram-841917.hostingersite.com\/wp-content\/uploads\/2026\/02\/Prevention-de-Burnout-icon-1.png 128w\" data-sizes=\"(max-width: 128px) 100vw, 128px\" class=\"et-waypoint et_pb_animation_top et_pb_animation_top_tablet et_pb_animation_top_phone wp-image-578 lazyload\" title=\"Pr\u00e9vention de Burnout icon\" src=\"data:image\/svg+xml;base64,PHN2ZyB3aWR0aD0iMSIgaGVpZ2h0PSIxIiB4bWxucz0iaHR0cDovL3d3dy53My5vcmcvMjAwMC9zdmciPjwvc3ZnPg==\" style=\"--smush-placeholder-width: 128px; --smush-placeholder-aspect-ratio: 128\/128;\" \/><\/span><\/div><div class=\"et_pb_blurb_container\"><h4 class=\"et_pb_module_header\">Burnout-Pr\u00e4vention<\/h4><div class=\"et_pb_blurb_description\"><p>Eine gezielte Begleitung, um Burnout vorzubeugen und das Gleichgewicht wiederzufinden.<\/p>\n<\/div><\/div><\/div><\/div>\n\n<div class=\"et_pb_module et_pb_button_module_wrapper et_pb_button_2_wrapper preset--module--divi-button--default_wrapper\"><a class=\"et_pb_button_2 et_pb_button et_pb_bg_layout_light et_pb_module et_block_module amelia-popup-all preset--module--divi-button--default\" href=\"\">Termin vereinbaren<\/a><\/div>\n<\/div>\n\n<div class=\"et_pb_column_8 et_pb_column et_pb_column_1_2 et-last-child et_block_column et_pb_css_mix_blend_mode_passthrough\">\n<div class=\"dsm_icon_list_4 dsm_icon_list et_pb_module preset--module--dsm-icon-list--default\"><ul class=\"dsm_icon_list_items  dsm_icon_list_direction_left\">\n<li class=\"dsm_icon_list_child_17 dsm_icon_list_child et_pb_module\"><span class=\"dsm_icon_list_wrapper\">\n\t\t\t     <span class=\"dsm_icon_list_icon\">\uf058<\/span>\n\t\t\t  <\/span>\n\t\t\t  <span class=\"dsm_icon_list_text\">Fr\u00fchwarnzeichen erkennen<\/span>\n\t\t\t<\/li>\n\n<li class=\"dsm_icon_list_child_18 dsm_icon_list_child et_pb_module\"><span class=\"dsm_icon_list_wrapper\">\n\t\t\t     <span class=\"dsm_icon_list_icon\">\uf058<\/span>\n\t\t\t  <\/span>\n\t\t\t  <span class=\"dsm_icon_list_text\">Pr\u00e4ventionsstrategien entwickeln<\/span>\n\t\t\t<\/li>\n\n<li class=\"dsm_icon_list_child_19 dsm_icon_list_child et_pb_module\"><span class=\"dsm_icon_list_wrapper\">\n\t\t\t     <span class=\"dsm_icon_list_icon\">\uf058<\/span>\n\t\t\t  <\/span>\n\t\t\t  <span class=\"dsm_icon_list_text\">Ein nachhaltiges Gleichgewicht wiederfinden<\/span>\n\t\t\t<\/li>\n\n<li class=\"dsm_icon_list_child_20 dsm_icon_list_child et_pb_module\"><span class=\"dsm_icon_list_wrapper\">\n\t\t\t     <span class=\"dsm_icon_list_icon\">\uf058<\/span>\n\t\t\t  <\/span>\n\t\t\t  <span class=\"dsm_icon_list_text\">Wohlbefinden am Arbeitsplatz f\u00f6rdern<\/span>\n\t\t\t<\/li>\n<\/ul><\/div>\n<\/div>\n<\/div>\n<\/div>","protected":false},"excerpt":{"rendered":"","protected":false},"author":7,"featured_media":0,"parent":0,"menu_order":0,"comment_status":"closed","ping_status":"closed","template":"","meta":{"footnotes":""},"class_list":["post-903","page","type-page","status-publish","hentry"],"dsm_author":{"name":"Mich\u00e8le Reber","avatar_url":"https:\/\/secure.gravatar.com\/avatar\/89fb998f2d1c83e237031ab63ef02ba17115024e853d0e679c6aa5b656559a1f?s=96&d=mm&r=g","archive_link":"https:\/\/mreber-coaching.ch\/de\/author\/admin\/","biodata":""},"dsm_categories":[],"dsm_attachment_categories":[],"dsm_featured_image":null,"_links":{"self":[{"href":"https:\/\/mreber-coaching.ch\/de\/wp-json\/wp\/v2\/pages\/903","targetHints":{"allow":["GET"]}}],"collection":[{"href":"https:\/\/mreber-coaching.ch\/de\/wp-json\/wp\/v2\/pages"}],"about":[{"href":"https:\/\/mreber-coaching.ch\/de\/wp-json\/wp\/v2\/types\/page"}],"author":[{"embeddable":true,"href":"https:\/\/mreber-coaching.ch\/de\/wp-json\/wp\/v2\/users\/7"}],"replies":[{"embeddable":true,"href":"https:\/\/mreber-coaching.ch\/de\/wp-json\/wp\/v2\/comments?post=903"}],"version-history":[{"count":6,"href":"https:\/\/mreber-coaching.ch\/de\/wp-json\/wp\/v2\/pages\/903\/revisions"}],"predecessor-version":[{"id":1045,"href":"https:\/\/mreber-coaching.ch\/de\/wp-json\/wp\/v2\/pages\/903\/revisions\/1045"}],"wp:attachment":[{"href":"https:\/\/mreber-coaching.ch\/de\/wp-json\/wp\/v2\/media?parent=903"}],"curies":[{"name":"wp","href":"https:\/\/api.w.org\/{rel}","templated":true}]}}